{"id":526,"date":"2019-03-03T11:55:14","date_gmt":"2019-03-03T10:55:14","guid":{"rendered":"http:\/\/habitavit.com\/conoce-habitavit\/"},"modified":"2019-10-24T16:36:37","modified_gmt":"2019-10-24T14:36:37","slug":"get-to-know-habitavit","status":"publish","type":"page","link":"https:\/\/habitavit.com\/en\/get-to-know-habitavit\/","title":{"rendered":"Conoce Habitavit"},"content":{"rendered":"<p>[vc_row row_responsive=&#8221;d&#8211;none d&#8211;md-block&#8221; css=&#8221;.vc_custom_1558349598407{padding-top: 5% !important;padding-bottom: 20% !important;background-image: url(http:\/\/habitavit.com\/wp-content\/uploads\/2019\/03\/habitavit-img-10.jpg?id=205) !important;background-position: center !important;background-repeat: no-repeat !important;background-size: cover !important;}&#8221;][vc_column][vc_row_inner row_content_width=&#8221;container&#8221;][vc_column_inner][vc_single_image image=&#8221;44&#8243; img_size=&#8221;full&#8221; alignment=&#8221;center&#8221; css=&#8221;.vc_custom_1551611032560{margin-bottom: 5% !important;}&#8221;][vc_column_text el_class=&#8221;letter&#8211;2&#8243;]<\/p>\n<p style=\"text-align: center; font-size: 18px;\">It is a new concept in tourist apartments that transform a trip into a memorable experience.<\/p>\n<p style=\"text-align: center; font-size: 18px;\">Each space of Habitavit will be an experience of someone who lived and made his life the history of the place you are visiting.<\/p>\n<p style=\"text-align: center; font-size: 18px;\">It is a way of seeing a room with unique eyes, where the essence of those who once lived in them is reflected in good taste and care for every detail.<\/p>\n<p>[\/vc_column_text][\/vc_column_inner][\/vc_row_inner][\/vc_column][\/vc_row][vc_row row_responsive=&#8221;d&#8211;none d&#8211;sm-block&#8221; css=&#8221;.vc_custom_1558349501598{padding-top: 5% !important;padding-bottom: 55% !important;background-position: center !important;background-repeat: no-repeat !important;background-size: cover !important;}&#8221;][vc_column offset=&#8221;vc_hidden-lg&#8221;][vc_row_inner row_content_width=&#8221;container&#8221;][vc_column_inner][vc_single_image image=&#8221;44&#8243; img_size=&#8221;full&#8221; alignment=&#8221;center&#8221; css=&#8221;.vc_custom_1551611032560{margin-bottom: 5% !important;}&#8221;][vc_column_text el_class=&#8221;letter&#8211;2&#8243;]<\/p>\n<p style=\"text-align: center; font-size: 18px;\">Es un nuevo concepto de apartamentos tur\u00edsticos, que transforman un viaje en una experiencia para contar.<\/p>\n<p style=\"text-align: center; font-size: 18px;\">Cada espacio que conozcas de Habitavit, ser\u00e1 una experiencia de alguien que habit\u00f3, e hizo de su vida la historia del lugar que est\u00e1s visitando.<\/p>\n<p style=\"text-align: center; font-size: 18px;\">Es una forma de ver una estancia con ojos \u00fanicos, donde la esencia de los que habitaron se ve reflejada en el buen gusto y en el cuidado de cada detalle.<\/p>\n<p>[\/vc_column_text][\/vc_column_inner][\/vc_row_inner][\/vc_column][\/vc_row][vc_row row_responsive=&#8221;d&#8211;none d&#8211;md-block&#8221; css=&#8221;.vc_custom_1558349912015{padding-top: 10% !important;padding-bottom: 10% !important;background-image: url(http:\/\/habitavit.com\/wp-content\/uploads\/2019\/03\/habitavit-img-11.jpg?id=214) !important;background-position: center !important;background-repeat: no-repeat !important;background-size: cover !important;}&#8221;][vc_column][vc_row_inner row_content_width=&#8221;container&#8221;][vc_column_inner width=&#8221;1\/2&#8243;][vc_custom_heading text=&#8221;Quality in every detail&#8221; font_container=&#8221;tag:h2|font_size:59px|text_align:left|line_height:1.27&#8243; google_fonts=&#8221;font_family:Yeseva%20One%3Aregular|font_style:400%20regular%3A400%3Anormal&#8221; letter_spacing=&#8221;letter&#8211;4&#8243; css=&#8221;.vc_custom_1571325027545{margin-bottom: 20px !important;}&#8221;][vc_custom_heading text=&#8221;We have always been avid travellers, so we know what we like and don&#8217;t like to find in the places we stay. We take care of every last detail, including the quality of the mattress on which you will sleep so that you enjoy a dream stay&#8230; literally.&#8221; font_container=&#8221;tag:p|font_size:21px|text_align:left|color:%23727272|line_height:1.9&#8243; use_theme_fonts=&#8221;yes&#8221; letter_spacing=&#8221;letter&#8211;4&#8243;][\/vc_column_inner][vc_column_inner width=&#8221;1\/2&#8243;][\/vc_column_inner][\/vc_row_inner][\/vc_column][\/vc_row][vc_row row_responsive=&#8221;d&#8211;none d&#8211;sm-block&#8221; css=&#8221;.vc_custom_1552507561880{padding-top: 10% !important;padding-bottom: 10% !important;background-image: url(http:\/\/habitavit.com\/wp-content\/uploads\/2019\/03\/habitavit-img-11.jpg?id=214) !important;background-position: center !important;background-repeat: no-repeat !important;background-size: cover !important;}&#8221;][vc_column offset=&#8221;vc_hidden-lg&#8221;][vc_row_inner row_content_width=&#8221;container&#8221;][vc_column_inner][vc_custom_heading text=&#8221;Calidad en cada detalle&#8221; font_container=&#8221;tag:h2|font_size:30px|text_align:left|line_height:1.27&#8243; google_fonts=&#8221;font_family:Yeseva%20One%3Aregular|font_style:400%20regular%3A400%3Anormal&#8221; letter_spacing=&#8221;letter&#8211;4&#8243; css=&#8221;.vc_custom_1552507550801{margin-bottom: 20px !important;}&#8221;][vc_custom_heading text=&#8221;Siempre hemos viajado mucho, por eso sabemos lo que nos gusta y lo que no nos gusta encontrar en los lugares donde nos hospedamos. Cuidamos hasta la calidad del colch\u00f3n en el que dormir\u00e1s, para que disfrutes de una estancia de ensue\u00f1o&#8230; literalmente.&#8221; font_container=&#8221;tag:p|font_size:21px|text_align:left|color:%23727272|line_height:1.9&#8243; use_theme_fonts=&#8221;yes&#8221; letter_spacing=&#8221;letter&#8211;4&#8243;][\/vc_column_inner][\/vc_row_inner][\/vc_column][\/vc_row][vc_row row_responsive=&#8221;d&#8211;none d&#8211;md-block&#8221; css=&#8221;.vc_custom_1552507590689{padding-top: 10% !important;padding-bottom: 10% !important;background-image: url(http:\/\/habitavit.com\/wp-content\/uploads\/2019\/03\/habitavit-img-12.jpg?id=219) !important;background-position: center !important;background-repeat: no-repeat !important;background-size: cover !important;}&#8221;][vc_column][vc_row_inner row_content_width=&#8221;container&#8221;][vc_column_inner width=&#8221;1\/2&#8243;][\/vc_column_inner][vc_column_inner width=&#8221;1\/2&#8243;][vc_custom_heading text=&#8221;Live history<br \/>\nwith a<br \/>\npremium taste.&#8221; font_container=&#8221;tag:h2|font_size:59px|text_align:left|line_height:1.27&#8243; google_fonts=&#8221;font_family:Yeseva%20One%3Aregular|font_style:400%20regular%3A400%3Anormal&#8221; letter_spacing=&#8221;letter&#8211;4&#8243; css=&#8221;.vc_custom_1571325056515{margin-bottom: 20px !important;}&#8221;][vc_custom_heading text=&#8221;Enter our apartments and immerse yourself in the life of someone who has made his or her life here. Live an experience full of history and good taste, thanks to great professionals.&#8221; font_container=&#8221;tag:p|font_size:21px|text_align:left|color:%23727272|line_height:1.9&#8243; use_theme_fonts=&#8221;yes&#8221; letter_spacing=&#8221;letter&#8211;4&#8243;][\/vc_column_inner][\/vc_row_inner][\/vc_column][\/vc_row][vc_row row_responsive=&#8221;d&#8211;none d&#8211;sm-block&#8221; css=&#8221;.vc_custom_1552507584632{padding-top: 10% !important;padding-bottom: 10% !important;background-image: url(http:\/\/habitavit.com\/wp-content\/uploads\/2019\/03\/habitavit-img-12.jpg?id=219) !important;background-position: center !important;background-repeat: no-repeat !important;background-size: cover !important;}&#8221;][vc_column offset=&#8221;vc_hidden-lg&#8221;][vc_row_inner row_content_width=&#8221;container&#8221;][vc_column_inner][vc_custom_heading text=&#8221;Vive la historia con un gusto premium&#8221; font_container=&#8221;tag:h2|font_size:30px|text_align:left|line_height:1.27&#8243; google_fonts=&#8221;font_family:Yeseva%20One%3Aregular|font_style:400%20regular%3A400%3Anormal&#8221; letter_spacing=&#8221;letter&#8211;4&#8243; css=&#8221;.vc_custom_1552507607612{margin-bottom: 20px !important;}&#8221;][vc_custom_heading text=&#8221;Al entrar en nuestros apartamentos te sumergir\u00e1s en la vida de alguien que ha hecho su vida en ese lugar. Gracias a grandes profesionales, vivir\u00e1s una experiencia cargada de historia y buen gusto.&#8221; font_container=&#8221;tag:p|font_size:21px|text_align:left|color:%23727272|line_height:1.9&#8243; use_theme_fonts=&#8221;yes&#8221; letter_spacing=&#8221;letter&#8211;4&#8243;][\/vc_column_inner][\/vc_row_inner][\/vc_column][\/vc_row][vc_row row_responsive=&#8221;d&#8211;none d&#8211;md-block&#8221; css=&#8221;.vc_custom_1552507642591{padding-top: 10% !important;padding-bottom: 10% !important;background-image: url(http:\/\/habitavit.com\/wp-content\/uploads\/2019\/03\/habitavit-img-13.jpg?id=223) !important;background-position: center !important;background-repeat: no-repeat !important;background-size: cover !important;}&#8221;][vc_column][vc_row_inner row_content_width=&#8221;container&#8221;][vc_column_inner width=&#8221;1\/2&#8243;][vc_custom_heading text=&#8221;Go sightseeing like you&#8217;ve never done before&#8221; font_container=&#8221;tag:h2|font_size:59px|text_align:left|line_height:1.27&#8243; google_fonts=&#8221;font_family:Yeseva%20One%3Aregular|font_style:400%20regular%3A400%3Anormal&#8221; letter_spacing=&#8221;letter&#8211;4&#8243; css=&#8221;.vc_custom_1571325079907{margin-bottom: 20px !important;}&#8221;][vc_custom_heading text=&#8221;Habitavit is more than just tourist apartments.<br \/>\nThey are the result of years of experience made available to guests looking to live their trip with the maximum comfort and luxury you can have.&#8221; font_container=&#8221;tag:p|font_size:21px|text_align:left|color:%23727272|line_height:1.9&#8243; use_theme_fonts=&#8221;yes&#8221; letter_spacing=&#8221;letter&#8211;4&#8243;][\/vc_column_inner][vc_column_inner width=&#8221;1\/2&#8243;][\/vc_column_inner][\/vc_row_inner][\/vc_column][\/vc_row][vc_row row_responsive=&#8221;d&#8211;none d&#8211;sm-block&#8221; css=&#8221;.vc_custom_1552507637003{padding-top: 10% !important;padding-bottom: 10% !important;background-image: url(http:\/\/habitavit.com\/wp-content\/uploads\/2019\/03\/habitavit-img-13.jpg?id=223) !important;background-position: center !important;background-repeat: no-repeat !important;background-size: cover !important;}&#8221;][vc_column offset=&#8221;vc_hidden-lg&#8221;][vc_row_inner row_content_width=&#8221;container&#8221;][vc_column_inner][vc_custom_heading text=&#8221;Haz turismo como nunca lo has hecho&#8221; font_container=&#8221;tag:h2|font_size:30px|text_align:left|line_height:1.27&#8243; google_fonts=&#8221;font_family:Yeseva%20One%3Aregular|font_style:400%20regular%3A400%3Anormal&#8221; letter_spacing=&#8221;letter&#8211;4&#8243; css=&#8221;.vc_custom_1559556976318{margin-bottom: 20px !important;}&#8221;][vc_custom_heading text=&#8221;Habitavit es algo m\u00e1s que apartamentos tur\u00edsticos.<br \/>\nSon el resultado de a\u00f1os de experiencia puestos a disposici\u00f3n de hu\u00e9spedes que buscan vivir su viaje con la m\u00e1xima comodidad y lujo que se pueda tener.&#8221; font_container=&#8221;tag:p|font_size:21px|text_align:left|color:%23727272|line_height:1.9&#8243; use_theme_fonts=&#8221;yes&#8221; letter_spacing=&#8221;letter&#8211;4&#8243;][\/vc_column_inner][\/vc_row_inner][\/vc_column][\/vc_row][vc_row][vc_column][vc_empty_space height=&#8221;120px&#8221;][\/vc_column][\/vc_row][vc_row row_content_width=&#8221;container&#8221;][vc_column][vc_custom_heading text=&#8221;Live the Habitavit experience&#8221; font_container=&#8221;tag:h2|font_size:21px|text_align:center|line_height:1.9&#8243; google_fonts=&#8221;font_family:Raleway%3A100%2C200%2C300%2Cregular%2C500%2C600%2C700%2C800%2C900|font_style:400%20regular%3A400%3Anormal&#8221; letter_spacing=&#8221;letter&#8211;4&#8243; css=&#8221;.vc_custom_1571325104017{margin-bottom: 10% !important;}&#8221;][vc_custom_heading text=&#8221;Calle Pintores N\u00ba31<br \/>\nVinum \/ Fumus \/ Potio&#8221; font_container=&#8221;tag:h3|text_align:center|color:%232b2b2b&#8221; css=&#8221;.vc_custom_1559041002373{margin-bottom: 50px !important;}&#8221;][\/vc_column][\/vc_row][vc_row row_content_width=&#8221;container&#8221; css=&#8221;.vc_custom_1551470537521{padding-top: 5% !important;padding-right: 5% !important;padding-bottom: 5% !important;padding-left: 5% !important;background-color: #ffffff !important;}&#8221;][vc_column width=&#8221;1\/2&#8243;][vc_row_inner][vc_column_inner][vc_custom_heading text=&#8221;Habitavit Services&#8221; font_container=&#8221;tag:h2|font_size:30px|text_align:center|line_height:1.14&#8243; google_fonts=&#8221;font_family:Yeseva%20One%3Aregular|font_style:400%20regular%3A400%3Anormal&#8221; letter_spacing=&#8221;letter&#8211;4&#8243; css=&#8221;.vc_custom_1571325210513{margin-bottom: 10% !important;}&#8221;][vc_custom_heading text=&#8221;Wi-Fi<br \/>\nOne parking space per apartment (Parking Primo de Rivera)<br \/>\nFree full minibar<br \/>\nFully equipped kitchen<br \/>\nLift<br \/>\nBathroom for people with reduced mobility (Fumus)&#8221; font_container=&#8221;tag:p|font_size:21px|text_align:center|line_height:1.9&#8243; use_theme_fonts=&#8221;yes&#8221; letter_spacing=&#8221;letter&#8211;3&#8243;][vc_custom_heading text=&#8221;Optional:<br \/>\nAdditional cot on request<br \/>\nDry cleaning service<br \/>\nCleaning service<br \/>\nRequest information on guided tours of the city&#8221; font_container=&#8221;tag:p|font_size:17px|text_align:center|line_height:1.9&#8243; use_theme_fonts=&#8221;yes&#8221; letter_spacing=&#8221;letter&#8211;3&#8243;][\/vc_column_inner][\/vc_row_inner][\/vc_column][vc_column width=&#8221;1\/2&#8243;][vc_row_inner][vc_column_inner][vc_custom_heading text=&#8221;Common areas&#8221; font_container=&#8221;tag:h2|font_size:30px|text_align:center|line_height:1.14&#8243; google_fonts=&#8221;font_family:Yeseva%20One%3Aregular|font_style:400%20regular%3A400%3Anormal&#8221; letter_spacing=&#8221;letter&#8211;4&#8243; css=&#8221;.vc_custom_1571325226167{margin-bottom: 10% !important;}&#8221;][\/vc_column_inner][\/vc_row_inner][vc_row_inner][vc_column_inner width=&#8221;1\/6&#8243;][\/vc_column_inner][vc_column_inner width=&#8221;2\/3&#8243;][vc_custom_heading text=&#8221;Ground Floor&#8221; font_container=&#8221;tag:p|font_size:21px|text_align:center|line_height:1.9&#8243; google_fonts=&#8221;font_family:Yeseva%20One%3Aregular|font_style:400%20regular%3A400%3Anormal&#8221; letter_spacing=&#8221;letter&#8211;3&#8243;][vc_single_image image=&#8221;671&#8243; img_size=&#8221;full&#8221; alignment=&#8221;center&#8221;][\/vc_column_inner][vc_column_inner width=&#8221;1\/6&#8243;][\/vc_column_inner][\/vc_row_inner][vc_row_inner][vc_column_inner width=&#8221;1\/2&#8243;][vc_custom_heading text=&#8221;First floor&#8221; font_container=&#8221;tag:p|font_size:21px|text_align:center|line_height:1.9&#8243; google_fonts=&#8221;font_family:Yeseva%20One%3Aregular|font_style:400%20regular%3A400%3Anormal&#8221; letter_spacing=&#8221;letter&#8211;3&#8243;][vc_single_image image=&#8221;679&#8243; img_size=&#8221;full&#8221; alignment=&#8221;center&#8221;][\/vc_column_inner][vc_column_inner width=&#8221;1\/2&#8243;][vc_custom_heading text=&#8221;Second floor&#8221; font_container=&#8221;tag:p|font_size:21px|text_align:center|line_height:1.9&#8243; google_fonts=&#8221;font_family:Yeseva%20One%3Aregular|font_style:400%20regular%3A400%3Anormal&#8221; letter_spacing=&#8221;letter&#8211;3&#8243;][vc_single_image image=&#8221;675&#8243; img_size=&#8221;full&#8221; alignment=&#8221;center&#8221;][\/vc_column_inner][\/vc_row_inner][\/vc_column][\/vc_row][vc_row][vc_column][vc_empty_space height=&#8221;120px&#8221;][\/vc_column][\/vc_row][vc_row row_content_width=&#8221;container&#8221;][vc_column][vc_custom_heading text=&#8221;Learn more&#8221; font_container=&#8221;tag:h2|font_size:21px|text_align:center|line_height:1.9&#8243; google_fonts=&#8221;font_family:Raleway%3A100%2C200%2C300%2Cregular%2C500%2C600%2C700%2C800%2C900|font_style:400%20regular%3A400%3Anormal&#8221; letter_spacing=&#8221;letter&#8211;4&#8243; css=&#8221;.vc_custom_1571325164603{margin-bottom: 10% !important;}&#8221;][\/vc_column][\/vc_row][vc_row row_content_width=&#8221;container&#8221;][vc_column][vc_banner_father][vc_banner_son image_id=&#8221;239&#8243; image_hover=&#8221;829&#8243; col=&#8221;col&#8211;md-4&#8243; title=&#8221;Habitavit in Potio&#8221; button_title=&#8221;Discover&#8221; link=&#8221;url:http%3A%2F%2Fhabitavit.com%2Fen%2Fhabitavit-in-potio%2F|title:Habitavit%20in%20Potio||&#8221;][vc_banner_son image_id=&#8221;251&#8243; image_hover=&#8221;840&#8243; col=&#8221;col&#8211;md-4&#8243; title=&#8221;Habitavit in Fumus&#8221; button_title=&#8221;Discover&#8221; link=&#8221;url:http%3A%2F%2Fhabitavit.com%2Fen%2Fhabitavit-in-fumus%2F|title:Habitavit%20in%20Fumus||&#8221;][vc_banner_son image_id=&#8221;247&#8243; image_hover=&#8221;835&#8243; col=&#8221;col&#8211;md-4&#8243; title=&#8221;Habitavit in Vinum&#8221; button_title=&#8221;Discover&#8221; link=&#8221;url:http%3A%2F%2Fhabitavit.com%2Fen%2Fhabitavit-in-vinum-caceres%2F|title:Habitavit%20in%20Vinus||&#8221;][\/vc_banner_father][\/vc_column][\/vc_row][vc_row][vc_column][vc_empty_space height=&#8221;120px&#8221;][\/vc_column][\/vc_row]<\/p>\n","protected":false},"excerpt":{"rendered":"<p>[vc_row row_responsive=&#8221;d&#8211;none d&#8211;md-block&#8221; css=&#8221;.vc_custom_1558349598407{padding-top: 5% !important;padding-bottom: 20% !important;background-image: url(http:\/\/habitavit.com\/wp-content\/uploads\/2019\/03\/habitavit-img-10.jpg?id=205) !important;background-position: center !important;background-repeat: no-repeat !important;background-size: cover !important;}&#8221;][vc_column][vc_row_inner row_content_width=&#8221;container&#8221;][vc_column_inner][vc_single_image image=&#8221;44&#8243; img_size=&#8221;full&#8221; alignment=&#8221;center&#8221; css=&#8221;.vc_custom_1551611032560{margin-bottom: 5% !important;}&#8221;][vc_column_text el_class=&#8221;letter&#8211;2&#8243;] It is a new concept in tourist apartments that transform a trip into a memorable experience. Each space of Habitavit will be an experience of someone who lived and made his [&hellip;]<\/p>\n","protected":false},"author":5,"featured_media":0,"parent":0,"menu_order":0,"comment_status":"closed","ping_status":"closed","template":"","meta":[],"yoast_head":"<!-- This site is optimized with the Yoast SEO plugin v18.8 - https:\/\/yoast.com\/wordpress\/plugins\/seo\/ -->\n<title>Get to know Habitavit, luxury tourist apartments, the experience worthy of telling<\/title>\n<meta name=\"description\" content=\"Live from the style and the elegance the history of people who lived in the place you will stay, meet Habitavit, an experience you will like to tell\" \/>\n<meta name=\"robots\" content=\"index, follow, max-snippet:-1, max-image-preview:large, max-video-preview:-1\" \/>\n<link rel=\"canonical\" href=\"https:\/\/habitavit.com\/en\/get-to-know-habitavit\/\" \/>\n<meta property=\"og:locale\" content=\"en_US\" \/>\n<meta property=\"og:type\" content=\"article\" \/>\n<meta property=\"og:title\" content=\"Get to know Habitavit, luxury tourist apartments, the experience worthy of telling\" \/>\n<meta property=\"og:description\" content=\"Live from the style and the elegance the history of people who lived in the place you will stay, meet Habitavit, an experience you will like to tell\" \/>\n<meta property=\"og:url\" content=\"https:\/\/habitavit.com\/en\/get-to-know-habitavit\/\" \/>\n<meta property=\"og:site_name\" content=\"Habitavit\" \/>\n<meta property=\"article:modified_time\" content=\"2019-10-24T14:36:37+00:00\" \/>\n<meta name=\"twitter:card\" content=\"summary_large_image\" \/>\n<meta name=\"twitter:label1\" content=\"Est. reading time\" \/>\n\t<meta name=\"twitter:data1\" content=\"10 minutes\" \/>\n<!-- \/ Yoast SEO plugin. -->","yoast_head_json":{"title":"Get to know Habitavit, luxury tourist apartments, the experience worthy of telling","description":"Live from the style and the elegance the history of people who lived in the place you will stay, meet Habitavit, an experience you will like to tell","robots":{"index":"index","follow":"follow","max-snippet":"max-snippet:-1","max-image-preview":"max-image-preview:large","max-video-preview":"max-video-preview:-1"},"canonical":"https:\/\/habitavit.com\/en\/get-to-know-habitavit\/","og_locale":"en_US","og_type":"article","og_title":"Get to know Habitavit, luxury tourist apartments, the experience worthy of telling","og_description":"Live from the style and the elegance the history of people who lived in the place you will stay, meet Habitavit, an experience you will like to tell","og_url":"https:\/\/habitavit.com\/en\/get-to-know-habitavit\/","og_site_name":"Habitavit","article_modified_time":"2019-10-24T14:36:37+00:00","twitter_card":"summary_large_image","twitter_misc":{"Est. reading time":"10 minutes"},"schema":{"@context":"https:\/\/schema.org","@graph":[{"@type":"WebSite","@id":"https:\/\/habitavit.com\/#website","url":"https:\/\/habitavit.com\/","name":"Habitavit","description":"Un nuevo concepto pensado para transformar","potentialAction":[{"@type":"SearchAction","target":{"@type":"EntryPoint","urlTemplate":"https:\/\/habitavit.com\/?s={search_term_string}"},"query-input":"required name=search_term_string"}],"inLanguage":"en-US"},{"@type":"WebPage","@id":"https:\/\/habitavit.com\/en\/get-to-know-habitavit\/#webpage","url":"https:\/\/habitavit.com\/en\/get-to-know-habitavit\/","name":"Get to know Habitavit, luxury tourist apartments, the experience worthy of telling","isPartOf":{"@id":"https:\/\/habitavit.com\/#website"},"datePublished":"2019-03-03T10:55:14+00:00","dateModified":"2019-10-24T14:36:37+00:00","description":"Live from the style and the elegance the history of people who lived in the place you will stay, meet Habitavit, an experience you will like to tell","breadcrumb":{"@id":"https:\/\/habitavit.com\/en\/get-to-know-habitavit\/#breadcrumb"},"inLanguage":"en-US","potentialAction":[{"@type":"ReadAction","target":["https:\/\/habitavit.com\/en\/get-to-know-habitavit\/"]}]},{"@type":"BreadcrumbList","@id":"https:\/\/habitavit.com\/en\/get-to-know-habitavit\/#breadcrumb","itemListElement":[{"@type":"ListItem","position":1,"name":"Portada","item":"https:\/\/habitavit.com\/en\/"},{"@type":"ListItem","position":2,"name":"Conoce Habitavit"}]}]}},"_links":{"self":[{"href":"https:\/\/habitavit.com\/en\/wp-json\/wp\/v2\/pages\/526"}],"collection":[{"href":"https:\/\/habitavit.com\/en\/wp-json\/wp\/v2\/pages"}],"about":[{"href":"https:\/\/habitavit.com\/en\/wp-json\/wp\/v2\/types\/page"}],"author":[{"embeddable":true,"href":"https:\/\/habitavit.com\/en\/wp-json\/wp\/v2\/users\/5"}],"replies":[{"embeddable":true,"href":"https:\/\/habitavit.com\/en\/wp-json\/wp\/v2\/comments?post=526"}],"version-history":[{"count":6,"href":"https:\/\/habitavit.com\/en\/wp-json\/wp\/v2\/pages\/526\/revisions"}],"predecessor-version":[{"id":1915,"href":"https:\/\/habitavit.com\/en\/wp-json\/wp\/v2\/pages\/526\/revisions\/1915"}],"wp:attachment":[{"href":"https:\/\/habitavit.com\/en\/wp-json\/wp\/v2\/media?parent=526"}],"curies":[{"name":"wp","href":"https:\/\/api.w.org\/{rel}","templated":true}]}}